{"id":8,"date":"2024-10-29T16:39:02","date_gmt":"2024-10-29T16:39:02","guid":{"rendered":"https:\/\/makein.vn\/?page_id=8"},"modified":"2026-03-25T00:22:47","modified_gmt":"2026-03-24T17:22:47","slug":"about","status":"publish","type":"page","link":"https:\/\/makein.vn\/index.php\/about\/","title":{"rendered":"V\u0169 Kim Tu\u1ea5n v\u00e0 h\u00e0nh tr\u00ecnh ra \u0111\u1eddi c\u1ee7a Makein.vn"},"content":{"rendered":"\n<div class=\"wp-block-group is-layout-constrained wp-block-group-is-layout-constrained\">\n<p class=\"has-montserrat-font-family\">Ch\u00e0o b\u1ea1n, t\u00f4i l\u00e0 <strong>V\u0169 Kim Tu\u1ea5n<\/strong> \u2013 ng\u01b0\u1eddi \u0111\u1ee9ng sau nh\u1eefng chia s\u1ebb t\u1ea1i <strong>makein.vn<\/strong>.<\/p>\n\n\n\n<p>Nhi\u1ec1u ng\u01b0\u1eddi h\u1ecfi t\u00f4i: <em>&#8220;T\u1ea1i sao l\u1ea1i l\u00e0 Xu\u1ea5t kh\u1ea9u, Sales Xu\u1ea5t kh\u1ea9u?&#8221;<\/em>. C\u00e2u tr\u1ea3 l\u1eddi n\u1eb1m \u1edf h\u00e0nh tr\u00ecnh 15 n\u0103m. N\u00f3 \u0111\u01b0\u1ee3c b\u1eaft \u0111\u1ea7u t\u1eeb nh\u1eefng gi\u1ea3ng \u0111\u01b0\u1eddng t\u1ea1i Ch\u00f9a L\u00e1ng. V\u00e0 n\u00f3 \u0111\u01b0\u1ee3c k\u00e9o \u0111\u1ebfn nh\u1eefng bu\u1ed5i \u0111\u00e0m ph\u00e1n tri\u1ec7u \u0111\u00f4 t\u1ea1i M\u1ef9 v\u00e0 Trung Qu\u1ed1c.<\/p>\n\n\n\n<div id=\"ez-toc-container\" class=\"ez-toc-v2_0_82_2 counter-hierarchy ez-toc-counter ez-toc-grey ez-toc-container-direction\">\n<div class=\"ez-toc-title-container\">\n<p class=\"ez-toc-title\" style=\"cursor:inherit\">Table of Contents<\/p>\n<span class=\"ez-toc-title-toggle\"><a href=\"#\" class=\"ez-toc-pull-right ez-toc-btn ez-toc-btn-xs ez-toc-btn-default ez-toc-toggle\" aria-label=\"Toggle Table of Content\"><span class=\"ez-toc-js-icon-con\"><span class=\"\"><span class=\"eztoc-hide\" style=\"display:none;\">Toggle<\/span><span class=\"ez-toc-icon-toggle-span\"><svg style=\"fill: #999;color:#999\" xmlns=\"http:\/\/www.w3.org\/2000\/svg\" class=\"list-377408\" width=\"20px\" height=\"20px\" viewBox=\"0 0 24 24\" fill=\"none\"><path d=\"M6 6H4v2h2V6zm14 0H8v2h12V6zM4 11h2v2H4v-2zm16 0H8v2h12v-2zM4 16h2v2H4v-2zm16 0H8v2h12v-2z\" fill=\"currentColor\"><\/path><\/svg><svg style=\"fill: #999;color:#999\" class=\"arrow-unsorted-368013\" xmlns=\"http:\/\/www.w3.org\/2000\/svg\" width=\"10px\" height=\"10px\" viewBox=\"0 0 24 24\" version=\"1.2\" baseProfile=\"tiny\"><path d=\"M18.2 9.3l-6.2-6.3-6.2 6.3c-.2.2-.3.4-.3.7s.1.5.3.7c.2.2.4.3.7.3h11c.3 0 .5-.1.7-.3.2-.2.3-.5.3-.7s-.1-.5-.3-.7zM5.8 14.7l6.2 6.3 6.2-6.3c.2-.2.3-.5.3-.7s-.1-.5-.3-.7c-.2-.2-.4-.3-.7-.3h-11c-.3 0-.5.1-.7.3-.2.2-.3.5-.3.7s.1.5.3.7z\"\/><\/svg><\/span><\/span><\/span><\/a><\/span><\/div>\n<nav><ul class='ez-toc-list ez-toc-list-level-1 ' ><li class='ez-toc-page-1 ez-toc-heading-level-2'><a class=\"ez-toc-link ez-toc-heading-1\" href=\"https:\/\/makein.vn\/index.php\/about\/#Tu_Cau_Sinh_Vien_Ngoai_Thuong_Va_Giac_Mo_%E2%80%9CKinh_Te_Doi_Ngoai%E2%80%9D\" >T\u1eeb C\u1eadu Sinh Vi\u00ean Ngo\u1ea1i Th\u01b0\u01a1ng V\u00e0 Gi\u1ea5c M\u01a1 &#8220;Kinh T\u1ebf \u0110\u1ed1i Ngo\u1ea1i&#8221;<\/a><\/li><li class='ez-toc-page-1 ez-toc-heading-level-2'><a class=\"ez-toc-link ez-toc-heading-2\" href=\"https:\/\/makein.vn\/index.php\/about\/#Nhung_%E2%80%9CCu_Va_Cham%E2%80%9D_Thuc_Te_Tai_Cac_Thi_Truong_Kho_Tinh\" >Nh\u1eefng &#8220;C\u00fa Va Ch\u1ea1m&#8221; Th\u1ef1c T\u1ebf T\u1ea1i C\u00e1c Th\u1ecb Tr\u01b0\u1eddng Kh\u00f3 T\u00ednh<\/a><ul class='ez-toc-list-level-3' ><li class='ez-toc-heading-level-3'><a class=\"ez-toc-link ez-toc-heading-3\" href=\"https:\/\/makein.vn\/index.php\/about\/#Tai_Viettel_Haiti_Cong_Hoa_Dominica_My\" >T\u1ea1i Viettel Haiti, C\u1ed9ng Ho\u00e0 Dominica, M\u1ef9<\/a><\/li><li class='ez-toc-page-1 ez-toc-heading-level-3'><a class=\"ez-toc-link ez-toc-heading-4\" href=\"https:\/\/makein.vn\/index.php\/about\/#Tai_VinSmart_VinFast\" >T\u1ea1i VinSmart &amp; VinFast<\/a><\/li><li class='ez-toc-page-1 ez-toc-heading-level-3'><a class=\"ez-toc-link ez-toc-heading-5\" href=\"https:\/\/makein.vn\/index.php\/about\/#Tai_Sunhouse\" >T\u1ea1i Sunhouse.<\/a><\/li><\/ul><\/li><li class='ez-toc-page-1 ez-toc-heading-level-2'><a class=\"ez-toc-link ez-toc-heading-6\" href=\"https:\/\/makein.vn\/index.php\/about\/#Su_ra_doi_cua_Makeinvn\" >S\u1ef1 ra \u0111\u1eddi c\u1ee7a Makein.vn<\/a><\/li><\/ul><\/nav><\/div>\n<h2 class=\"wp-block-heading\"><span class=\"ez-toc-section\" id=\"Tu_Cau_Sinh_Vien_Ngoai_Thuong_Va_Giac_Mo_%E2%80%9CKinh_Te_Doi_Ngoai%E2%80%9D\"><\/span>T\u1eeb C\u1eadu Sinh Vi\u00ean Ngo\u1ea1i Th\u01b0\u01a1ng V\u00e0 Gi\u1ea5c M\u01a1 &#8220;Kinh T\u1ebf \u0110\u1ed1i Ngo\u1ea1i&#8221;<span class=\"ez-toc-section-end\"><\/span><\/h2>\n\n\n\n<p>N\u0103m 2011, t\u00f4i r\u1eddi <strong>\u0110\u1ea1i h\u1ecdc Ngo\u1ea1i Th\u01b0\u01a1ng<\/strong> v\u1edbi t\u1ea5m b\u1eb1ng lo\u1ea1i Gi\u1ecfi tr\u00ean tay. L\u00fac \u0111\u00f3, &#8220;Kinh t\u1ebf \u0111\u1ed1i ngo\u1ea1i&#8221; v\u1edbi t\u00f4i v\u1eabn l\u00e0 nh\u1eefng kh\u00e1i ni\u1ec7m l\u00fd thuy\u1ebft v\u1ec1 <strong>INCOTERMS<\/strong>. T\u00f4i b\u01b0\u1edbc v\u00e0o ngh\u1ec1 v\u1edbi m\u1ed9t ni\u1ec1m tin m\u00e3nh li\u1ec7t: ng\u01b0\u1eddi kh\u00e1c l\u00e0m \u0111\u01b0\u1ee3c th\u00ec m\u00ecnh c\u0169ng l\u00e0m \u0111\u01b0\u1ee3c.<\/p>\n\n\n\n<figure class=\"wp-block-image aligncenter size-full is-resized\"><img loading=\"lazy\" decoding=\"async\" width=\"720\" height=\"540\" src=\"https:\/\/makein.vn\/wp-content\/uploads\/2026\/03\/anh-1-ftu.webp\" alt=\"V\u0169 Kim Tu\u1ea5n t\u1ed1t nghi\u1ec7p Kho\u00e1 46, L\u1edbp Anh 1, Chuy\u00ean ng\u00e0nh Kinh t\u1ebf \u0111\u1ed1i ngo\u1ea1i, \u0110\u1ea1i h\u1ecdc Ngo\u1ea1i Th\u01b0\u01a1ng, H\u00e0 N\u1ed9i\" class=\"wp-image-920\" style=\"width:805px\" srcset=\"https:\/\/makein.vn\/wp-content\/uploads\/2026\/03\/anh-1-ftu.webp 720w, https:\/\/makein.vn\/wp-content\/uploads\/2026\/03\/anh-1-ftu-300x225.webp 300w, https:\/\/makein.vn\/wp-content\/uploads\/2026\/03\/anh-1-ftu-600x450.webp 600w\" sizes=\"auto, (max-width: 720px) 100vw, 720px\" \/><figcaption class=\"wp-element-caption\">L\u1edbp Anh 1, Kho\u00e1 K46, Kinh t\u1ebf \u0111\u1ed1i ngo\u1ea1i, \u0110\u1ea1i h\u1ecdc Ngo\u1ea1i Th\u01b0\u01a1ng<\/figcaption><\/figure>\n\n\n\n<h2 class=\"wp-block-heading\"><span class=\"ez-toc-section\" id=\"Nhung_%E2%80%9CCu_Va_Cham%E2%80%9D_Thuc_Te_Tai_Cac_Thi_Truong_Kho_Tinh\"><\/span>Nh\u1eefng &#8220;C\u00fa Va Ch\u1ea1m&#8221; Th\u1ef1c T\u1ebf T\u1ea1i C\u00e1c Th\u1ecb Tr\u01b0\u1eddng Kh\u00f3 T\u00ednh<span class=\"ez-toc-section-end\"><\/span><\/h2>\n\n\n\n<p>H\u00e0nh tr\u00ecnh c\u1ee7a t\u00f4i kh\u00f4ng tr\u1ea3i hoa h\u1ed3ng. N\u00f3 \u0111\u01b0\u1ee3c vi\u1ebft n\u00ean b\u1edfi nh\u1eefng chuy\u1ebfn c\u00f4ng t\u00e1c d\u00e0i ng\u00e0y v\u00e0 nh\u1eefng b\u00e0i h\u1ecdc x\u01b0\u01a1ng m\u00e1u:<\/p>\n\n\n\n<h3 class=\"wp-block-heading\"><span class=\"ez-toc-section\" id=\"Tai_Viettel_Haiti_Cong_Hoa_Dominica_My\"><\/span><strong>T\u1ea1i Viettel Haiti, C\u1ed9ng Ho\u00e0 Dominica, M\u1ef9<\/strong><span class=\"ez-toc-section-end\"><\/span><\/h3>\n\n\n\n<p>T\u00f4i h\u1ecdc \u0111\u01b0\u1ee3c c\u00e1ch th\u00edch nghi. Gi\u1eefa m\u1ed9t th\u1ecb tr\u01b0\u1eddng xa l\u1ea1, t\u00f4i hi\u1ec3u r\u1eb1ng mu\u1ed1n chi\u1ebfn th\u1eafng, s\u1ea3n ph\u1ea9m ph\u1ea3i len l\u1ecfi \u0111\u01b0\u1ee3c v\u00e0o \u0111\u1eddi s\u1ed1ng b\u1ea3n \u0111\u1ecba. 4 n\u0103m t\u1ea1i \u0111\u00e2y \u0111\u00e3 r\u00e8n luy\u1ec7n cho t\u00f4i b\u1ea3n l\u0129nh c\u1ee7a m\u1ed9t ng\u01b0\u1eddi l\u00e0m chi\u1ebfn l\u01b0\u1ee3c, s\u1ea3n ph\u1ea9m, l\u00e0m sales c\u1ee7a nh\u1eefng d\u1ef1 \u00e1n \u0111\u1ea7u t\u01b0 qu\u1ed1c t\u1ebf d\u00e0i h\u1ea1n<\/p>\n\n\n\n<figure class=\"wp-block-image aligncenter size-large is-resized\"><img loading=\"lazy\" decoding=\"async\" width=\"1024\" height=\"683\" src=\"https:\/\/makein.vn\/wp-content\/uploads\/2026\/03\/haiti-1024x683.webp\" alt=\"V\u0169 Kim Tu\u1ea5n tr\u1ea3i qua nhi\u1ec1u v\u1ecb tr\u00ed chi\u1ebfn l\u01b0\u1ee3c, s\u1ea3n ph\u1ea9m, sales t\u1ea1i Viettel Haiti, C\u1ed9ng Ho\u00e0 Dominica, M\u1ef9\" class=\"wp-image-921\" style=\"width:796px\" srcset=\"https:\/\/makein.vn\/wp-content\/uploads\/2026\/03\/haiti-1024x683.webp 1024w, https:\/\/makein.vn\/wp-content\/uploads\/2026\/03\/haiti-300x200.webp 300w, https:\/\/makein.vn\/wp-content\/uploads\/2026\/03\/haiti-768x512.webp 768w, https:\/\/makein.vn\/wp-content\/uploads\/2026\/03\/haiti-1536x1024.webp 1536w, https:\/\/makein.vn\/wp-content\/uploads\/2026\/03\/haiti-600x400.webp 600w, https:\/\/makein.vn\/wp-content\/uploads\/2026\/03\/haiti.webp 2048w\" sizes=\"auto, (max-width: 1024px) 100vw, 1024px\" \/><figcaption class=\"wp-element-caption\">Digicel t\u1eebng l\u00e0 \u0111\u1ed1i th\u1ee7 s\u1ed1 1 c\u1ee7a Viettel t\u1ea1i Haiti. Hi\u1ec7n Viettel Haiti \u0111\u00e3 chi\u1ebfm l\u0129nh th\u1ecb tr\u01b0\u1eddng 12 tri\u1ec7u d\u00e2n n\u00e0y<\/figcaption><\/figure>\n\n\n\n<h3 class=\"wp-block-heading\"><span class=\"ez-toc-section\" id=\"Tai_VinSmart_VinFast\"><\/span><strong>T\u1ea1i VinSmart &amp; VinFast<\/strong> <span class=\"ez-toc-section-end\"><\/span><\/h3>\n\n\n\n<p>\u0110\u00e2y l\u00e0 giai \u0111o\u1ea1n t\u00f4i &#8220;ch\u1ea1m tr\u00e1n&#8221; tr\u1ef1c di\u1ec7n v\u1edbi c\u00e1c ti\u00eau chu\u1ea9n kh\u1eaft khe c\u1ee7a th\u1ecb tr\u01b0\u1eddng M\u1ef9. Vi\u1ec7c \u0111\u01b0a 1,6 tri\u1ec7u m\u00e1y \u0111i\u1ec7n tho\u1ea1i v\u00e0o c\u00e1c nh\u00e0 m\u1ea1ng l\u1edbn nh\u1ea5t n\u01b0\u1edbc M\u1ef9 kh\u00f4ng ch\u1ec9 l\u00e0 c\u00e2u chuy\u1ec7n b\u00e1n h\u00e0ng, m\u00e0 l\u00e0 b\u00e0i to\u00e1n c\u00e2n n\u00e3o v\u1ec1 R&amp;D, S\u1ea3n xu\u1ea5t, S\u1ea3n ph\u1ea9m cho c\u00e1c d\u1ef1 \u00e1n OEM quy m\u00f4 tri\u1ec7u USD<\/p>\n\n\n\n<figure class=\"wp-block-image aligncenter size-large is-resized\"><img loading=\"lazy\" decoding=\"async\" width=\"768\" height=\"1024\" src=\"https:\/\/makein.vn\/wp-content\/uploads\/2026\/03\/vinsmart-my-768x1024.webp\" alt=\"V\u0169 Kim Tu\u1ea5n ph\u1ee5 tr\u00e1ch d\u1ef1 \u00e1n s\u1ea3n xu\u1ea5t gia c\u00f4ng \u0111i\u1ec7n tho\u1ea1i Vinsmart v\u00e0o M\u1ef9\" class=\"wp-image-922\" style=\"width:800px\" srcset=\"https:\/\/makein.vn\/wp-content\/uploads\/2026\/03\/vinsmart-my-768x1024.webp 768w, https:\/\/makein.vn\/wp-content\/uploads\/2026\/03\/vinsmart-my-225x300.webp 225w, https:\/\/makein.vn\/wp-content\/uploads\/2026\/03\/vinsmart-my-1152x1536.webp 1152w, https:\/\/makein.vn\/wp-content\/uploads\/2026\/03\/vinsmart-my-600x800.webp 600w, https:\/\/makein.vn\/wp-content\/uploads\/2026\/03\/vinsmart-my.webp 1536w\" sizes=\"auto, (max-width: 768px) 100vw, 768px\" \/><figcaption class=\"wp-element-caption\">Ph\u1ee5 tr\u00e1ch d\u1ef1 \u00e1n s\u1ea3n xu\u1ea5t gia c\u00f4ng \u0111i\u1ec7n tho\u1ea1i Vinsmart v\u00e0o M\u1ef9<\/figcaption><\/figure>\n\n\n\n<h3 class=\"wp-block-heading\"><span class=\"ez-toc-section\" id=\"Tai_Sunhouse\"><\/span><strong>T\u1ea1i Sunhouse<\/strong>.<span class=\"ez-toc-section-end\"><\/span><\/h3>\n\n\n\n<p><font color=\"#404040\"><span style=\"background-color: rgb(255, 255, 255);\">V<\/span><\/font>\u1ecb tr\u00ed b\u00e1n h\u00e0ng qu\u1ed1c t\u1ebf c\u1ee7a T\u1eadp \u0111o\u00e0n, t\u00f4i tr\u1ef1c ti\u1ebfp gi\u1ea3i quy\u1ebft b\u00e0i to\u00e1n t\u00ecm ki\u1ebfm &amp; x\u00e2m nh\u1eadp th\u1ecb tr\u01b0\u1eddng m\u1ee5c ti\u00eau, quy ho\u1ea1ch s\u1ea3n ph\u1ea9m m\u1ee5c ti\u00eau, \u0111\u01b0\u1ee3c h\u1ec7 th\u1ed1ng ho\u00e1 l\u1ea1i nhi\u1ec1u ki\u1ebfn th\u1ee9c, m\u00f4 h\u00ecnh ph\u1ee5c v\u1ee5 cho Sales xu\u1ea5t kh\u1ea9u.<\/p>\n\n\n\n<p>D\u1eabn d\u1eaft, chia s\u1ebb c\u00f9ng team ph\u00e1t tri\u1ec3n th\u1ecb tr\u01b0\u1eddng m\u1edbi, mang th\u00eam s\u1ea3n ph\u1ea9m m\u1edbi ra th\u1ecb tr\u01b0\u1eddng qu\u1ed1c t\u1ebf.<\/p>\n\n\n\n<figure class=\"wp-block-image aligncenter size-large is-resized\"><img loading=\"lazy\" decoding=\"async\" width=\"1024\" height=\"683\" src=\"https:\/\/makein.vn\/wp-content\/uploads\/2026\/03\/Screenshot-2026-03-25-at-00.11.40-1024x683.webp\" alt=\"Tr\u1ea3i nghi\u1ec7m t\u1ea1i Sunhouse cho t\u00f4i h\u1ec7 th\u1ed1ng ho\u00e1 l\u1ea1i c\u00e1c m\u00f4 h\u00ecnh, c\u00e1ch l\u00e0m cho Sales xu\u1ea5t kh\u1ea9u\" class=\"wp-image-923\" style=\"width:800px\" srcset=\"https:\/\/makein.vn\/wp-content\/uploads\/2026\/03\/Screenshot-2026-03-25-at-00.11.40-1024x683.webp 1024w, https:\/\/makein.vn\/wp-content\/uploads\/2026\/03\/Screenshot-2026-03-25-at-00.11.40-300x200.webp 300w, https:\/\/makein.vn\/wp-content\/uploads\/2026\/03\/Screenshot-2026-03-25-at-00.11.40-768x512.webp 768w, https:\/\/makein.vn\/wp-content\/uploads\/2026\/03\/Screenshot-2026-03-25-at-00.11.40-600x400.webp 600w, https:\/\/makein.vn\/wp-content\/uploads\/2026\/03\/Screenshot-2026-03-25-at-00.11.40.webp 1200w\" sizes=\"auto, (max-width: 1024px) 100vw, 1024px\" \/><figcaption class=\"wp-element-caption\">Tr\u1ea3i nghi\u1ec7m t\u1ea1i Sunhouse cho t\u00f4i h\u1ec7 th\u1ed1ng ho\u00e1 l\u1ea1i c\u00e1c m\u00f4 h\u00ecnh, c\u00e1ch l\u00e0m cho Sales xu\u1ea5t kh\u1ea9u<\/figcaption><\/figure>\n<\/div>\n\n\n\n<h2 class=\"wp-block-heading\"><span class=\"ez-toc-section\" id=\"Su_ra_doi_cua_Makeinvn\"><\/span>S\u1ef1 ra \u0111\u1eddi c\u1ee7a Makein.vn<span class=\"ez-toc-section-end\"><\/span><\/h2>\n\n\n\n<p>Xu\u1ea5t kh\u1ea9u l\u00e0 tr\u1ecdng t\u00e2m c\u1ee7a Vi\u1ec7t Nam \u1edf hi\u1ec7n t\u1ea1i v\u00e0 trong nhi\u1ec1u n\u0103m t\u1edbi. T\u00f4i mu\u1ed1n \u0111\u00fac k\u1ebft nh\u1eefng ki\u1ebfn th\u1ee9c, tr\u1ea3i nghi\u1ec7m Sales xu\u1ea5t kh\u1ea9u 15 n\u0103m qua c\u1ee7a t\u00f4i \u0111\u1ec3 chia s\u1ebb t\u1edbi c\u00e1c b\u1ea1n b\u00e8, \u0111\u1ed3ng nghi\u1ec7p. Mong mu\u1ed1n g\u00f3p ph\u1ea7n \u0111\u1ea9y m\u1ea1nh th\u00eam n\u1ec1n S\u1ea3n xu\u1ea5t, Xu\u1ea5t kh\u1ea9u c\u1ee7a Vi\u1ec7t Nam.<\/p>\n\n\n\n<p>Li\u00ean h\u1ec7: V\u0169 Kim Tu\u1ea5n<\/p>\n\n\n\n<p>Email: tuanvk90@gmail.com<\/p>\n\n\n\n<p>S\u0110T: 098 468 5910<\/p>\n","protected":false},"excerpt":{"rendered":"<p>Ch\u00e0o b\u1ea1n, t\u00f4i l\u00e0 V\u0169 Kim Tu\u1ea5n \u2013 ng\u01b0\u1eddi \u0111\u1ee9ng sau nh\u1eefng chia s\u1ebb t\u1ea1i&hellip;<\/p>\n","protected":false},"author":1,"featured_media":922,"parent":0,"menu_order":0,"comment_status":"closed","ping_status":"closed","template":"","meta":{"footnotes":""},"class_list":["post-8","page","type-page","status-publish","has-post-thumbnail","hentry"],"yoast_head":"<!-- This site is optimized with the Yoast SEO plugin v27.3 - https:\/\/yoast.com\/product\/yoast-seo-wordpress\/ -->\n<title>V\u0169 Kim Tu\u1ea5n v\u00e0 h\u00e0nh tr\u00ecnh ra \u0111\u1eddi c\u1ee7a Makein.vn<\/title>\n<meta name=\"description\" content=\"Chia s\u1ebb ki\u1ebfn th\u1ee9c, tr\u1ea3i nghi\u1ec7m 15 n\u0103m Sales xu\u1ea5t kh\u1ea9u t\u1edbi b\u1ea1n b\u00e8 v\u00e0 \u0111\u1ed3ng nghi\u1ec7p. V\u1edbi mong mu\u1ed1n \u0111\u1ea9y m\u1ea1nh n\u1ec1n S\u1ea3n xu\u1ea5t, Xu\u1ea5t kh\u1ea9u c\u1ee7a Vi\u1ec7t Nam.\" \/>\n<meta name=\"robots\" content=\"index, follow, max-snippet:-1, max-image-preview:large, max-video-preview:-1\" \/>\n<link rel=\"canonical\" href=\"https:\/\/makein.vn\/index.php\/about\/\" \/>\n<meta property=\"og:locale\" content=\"en_US\" \/>\n<meta property=\"og:type\" content=\"article\" \/>\n<meta property=\"og:title\" content=\"V\u0169 Kim Tu\u1ea5n v\u00e0 h\u00e0nh tr\u00ecnh ra \u0111\u1eddi c\u1ee7a Makein.vn\" \/>\n<meta property=\"og:description\" content=\"Chia s\u1ebb ki\u1ebfn th\u1ee9c, tr\u1ea3i nghi\u1ec7m 15 n\u0103m Sales xu\u1ea5t kh\u1ea9u t\u1edbi b\u1ea1n b\u00e8 v\u00e0 \u0111\u1ed3ng nghi\u1ec7p. V\u1edbi mong mu\u1ed1n \u0111\u1ea9y m\u1ea1nh n\u1ec1n S\u1ea3n xu\u1ea5t, Xu\u1ea5t kh\u1ea9u c\u1ee7a Vi\u1ec7t Nam.\" \/>\n<meta property=\"og:url\" content=\"https:\/\/makein.vn\/index.php\/about\/\" \/>\n<meta property=\"og:site_name\" content=\"V\u0169 Kim Tu\u1ea5n\" \/>\n<meta property=\"article:publisher\" content=\"https:\/\/www.facebook.com\/tuan.vukim\" \/>\n<meta property=\"article:modified_time\" content=\"2026-03-24T17:22:47+00:00\" \/>\n<meta property=\"og:image\" content=\"https:\/\/makein.vn\/wp-content\/uploads\/2026\/03\/vinsmart-my.webp\" \/>\n\t<meta property=\"og:image:width\" content=\"1536\" \/>\n\t<meta property=\"og:image:height\" content=\"2048\" \/>\n\t<meta property=\"og:image:type\" content=\"image\/webp\" \/>\n<meta name=\"twitter:card\" content=\"summary_large_image\" \/>\n<meta name=\"twitter:label1\" content=\"Est. reading time\" \/>\n\t<meta name=\"twitter:data1\" content=\"4 minutes\" \/>\n<script type=\"application\/ld+json\" class=\"yoast-schema-graph\">{\"@context\":\"https:\\\/\\\/schema.org\",\"@graph\":[{\"@type\":\"WebPage\",\"@id\":\"https:\\\/\\\/makein.vn\\\/index.php\\\/about\\\/\",\"url\":\"https:\\\/\\\/makein.vn\\\/index.php\\\/about\\\/\",\"name\":\"V\u0169 Kim Tu\u1ea5n v\u00e0 h\u00e0nh tr\u00ecnh ra \u0111\u1eddi c\u1ee7a Makein.vn\",\"isPartOf\":{\"@id\":\"https:\\\/\\\/makein.vn\\\/#website\"},\"primaryImageOfPage\":{\"@id\":\"https:\\\/\\\/makein.vn\\\/index.php\\\/about\\\/#primaryimage\"},\"image\":{\"@id\":\"https:\\\/\\\/makein.vn\\\/index.php\\\/about\\\/#primaryimage\"},\"thumbnailUrl\":\"https:\\\/\\\/makein.vn\\\/wp-content\\\/uploads\\\/2026\\\/03\\\/vinsmart-my.webp\",\"datePublished\":\"2024-10-29T16:39:02+00:00\",\"dateModified\":\"2026-03-24T17:22:47+00:00\",\"description\":\"Chia s\u1ebb ki\u1ebfn th\u1ee9c, tr\u1ea3i nghi\u1ec7m 15 n\u0103m Sales xu\u1ea5t kh\u1ea9u t\u1edbi b\u1ea1n b\u00e8 v\u00e0 \u0111\u1ed3ng nghi\u1ec7p. V\u1edbi mong mu\u1ed1n \u0111\u1ea9y m\u1ea1nh n\u1ec1n S\u1ea3n xu\u1ea5t, Xu\u1ea5t kh\u1ea9u c\u1ee7a Vi\u1ec7t Nam.\",\"breadcrumb\":{\"@id\":\"https:\\\/\\\/makein.vn\\\/index.php\\\/about\\\/#breadcrumb\"},\"inLanguage\":\"en-US\",\"potentialAction\":[{\"@type\":\"ReadAction\",\"target\":[\"https:\\\/\\\/makein.vn\\\/index.php\\\/about\\\/\"]}]},{\"@type\":\"ImageObject\",\"inLanguage\":\"en-US\",\"@id\":\"https:\\\/\\\/makein.vn\\\/index.php\\\/about\\\/#primaryimage\",\"url\":\"https:\\\/\\\/makein.vn\\\/wp-content\\\/uploads\\\/2026\\\/03\\\/vinsmart-my.webp\",\"contentUrl\":\"https:\\\/\\\/makein.vn\\\/wp-content\\\/uploads\\\/2026\\\/03\\\/vinsmart-my.webp\",\"width\":1536,\"height\":2048},{\"@type\":\"BreadcrumbList\",\"@id\":\"https:\\\/\\\/makein.vn\\\/index.php\\\/about\\\/#breadcrumb\",\"itemListElement\":[{\"@type\":\"ListItem\",\"position\":1,\"name\":\"Home\",\"item\":\"https:\\\/\\\/makein.vn\\\/\"},{\"@type\":\"ListItem\",\"position\":2,\"name\":\"V\u0169 Kim Tu\u1ea5n v\u00e0 h\u00e0nh tr\u00ecnh ra \u0111\u1eddi c\u1ee7a Makein.vn\"}]},{\"@type\":\"WebSite\",\"@id\":\"https:\\\/\\\/makein.vn\\\/#website\",\"url\":\"https:\\\/\\\/makein.vn\\\/\",\"name\":\"V\u0169 Kim Tu\u1ea5n\",\"description\":\"Kh\u00f4ng g\u00ec l\u00e0 kh\u00f4ng th\u1ec3!\",\"publisher\":{\"@id\":\"https:\\\/\\\/makein.vn\\\/#\\\/schema\\\/person\\\/98d19a2d30b28d0b250e961d781633a0\"},\"potentialAction\":[{\"@type\":\"SearchAction\",\"target\":{\"@type\":\"EntryPoint\",\"urlTemplate\":\"https:\\\/\\\/makein.vn\\\/?s={search_term_string}\"},\"query-input\":{\"@type\":\"PropertyValueSpecification\",\"valueRequired\":true,\"valueName\":\"search_term_string\"}}],\"inLanguage\":\"en-US\"},{\"@type\":[\"Person\",\"Organization\"],\"@id\":\"https:\\\/\\\/makein.vn\\\/#\\\/schema\\\/person\\\/98d19a2d30b28d0b250e961d781633a0\",\"name\":\"Mr Alex\",\"pronouns\":\"He\\\/him\",\"image\":{\"@type\":\"ImageObject\",\"inLanguage\":\"en-US\",\"@id\":\"https:\\\/\\\/makein.vn\\\/wp-content\\\/uploads\\\/2024\\\/12\\\/cropped-Logo-Copy.png\",\"url\":\"https:\\\/\\\/makein.vn\\\/wp-content\\\/uploads\\\/2024\\\/12\\\/cropped-Logo-Copy.png\",\"contentUrl\":\"https:\\\/\\\/makein.vn\\\/wp-content\\\/uploads\\\/2024\\\/12\\\/cropped-Logo-Copy.png\",\"width\":150,\"height\":150,\"caption\":\"Mr Alex\"},\"logo\":{\"@id\":\"https:\\\/\\\/makein.vn\\\/wp-content\\\/uploads\\\/2024\\\/12\\\/cropped-Logo-Copy.png\"},\"description\":\"Chuy\u00ean gia v\u1edbi 15 n\u0103m kinh nghi\u1ec7m trong l\u0129nh v\u1ef1c Sales Xu\u1ea5t Kh\u1ea9u. T\u00f4i \u0111\u1ed3ng h\u00e0nh c\u00f9ng c\u00e1c doanh nghi\u1ec7p Vi\u1ec7t Nam t\u1eeb c\u00e1c d\u1ef1 \u00e1n MS \u0111\u1ebfn OBM, t\u1eeb Indonesia, \u0110\u00f4ng \u00c2u t\u1edbi th\u1ecb tr\u01b0\u1eddng M\u1ef9 hay Argentina xa x\u00f4i.\",\"sameAs\":[\"https:\\\/\\\/makein.vn\",\"https:\\\/\\\/www.facebook.com\\\/tuan.vukim\",\"https:\\\/\\\/www.linkedin.com\\\/in\\\/tuanvukim\\\/\"]}]}<\/script>\n<!-- \/ Yoast SEO plugin. -->","yoast_head_json":{"title":"V\u0169 Kim Tu\u1ea5n v\u00e0 h\u00e0nh tr\u00ecnh ra \u0111\u1eddi c\u1ee7a Makein.vn","description":"Chia s\u1ebb ki\u1ebfn th\u1ee9c, tr\u1ea3i nghi\u1ec7m 15 n\u0103m Sales xu\u1ea5t kh\u1ea9u t\u1edbi b\u1ea1n b\u00e8 v\u00e0 \u0111\u1ed3ng nghi\u1ec7p. V\u1edbi mong mu\u1ed1n \u0111\u1ea9y m\u1ea1nh n\u1ec1n S\u1ea3n xu\u1ea5t, Xu\u1ea5t kh\u1ea9u c\u1ee7a Vi\u1ec7t Nam.","robots":{"index":"index","follow":"follow","max-snippet":"max-snippet:-1","max-image-preview":"max-image-preview:large","max-video-preview":"max-video-preview:-1"},"canonical":"https:\/\/makein.vn\/index.php\/about\/","og_locale":"en_US","og_type":"article","og_title":"V\u0169 Kim Tu\u1ea5n v\u00e0 h\u00e0nh tr\u00ecnh ra \u0111\u1eddi c\u1ee7a Makein.vn","og_description":"Chia s\u1ebb ki\u1ebfn th\u1ee9c, tr\u1ea3i nghi\u1ec7m 15 n\u0103m Sales xu\u1ea5t kh\u1ea9u t\u1edbi b\u1ea1n b\u00e8 v\u00e0 \u0111\u1ed3ng nghi\u1ec7p. V\u1edbi mong mu\u1ed1n \u0111\u1ea9y m\u1ea1nh n\u1ec1n S\u1ea3n xu\u1ea5t, Xu\u1ea5t kh\u1ea9u c\u1ee7a Vi\u1ec7t Nam.","og_url":"https:\/\/makein.vn\/index.php\/about\/","og_site_name":"V\u0169 Kim Tu\u1ea5n","article_publisher":"https:\/\/www.facebook.com\/tuan.vukim","article_modified_time":"2026-03-24T17:22:47+00:00","og_image":[{"width":1536,"height":2048,"url":"https:\/\/makein.vn\/wp-content\/uploads\/2026\/03\/vinsmart-my.webp","type":"image\/webp"}],"twitter_card":"summary_large_image","twitter_misc":{"Est. reading time":"4 minutes"},"schema":{"@context":"https:\/\/schema.org","@graph":[{"@type":"WebPage","@id":"https:\/\/makein.vn\/index.php\/about\/","url":"https:\/\/makein.vn\/index.php\/about\/","name":"V\u0169 Kim Tu\u1ea5n v\u00e0 h\u00e0nh tr\u00ecnh ra \u0111\u1eddi c\u1ee7a Makein.vn","isPartOf":{"@id":"https:\/\/makein.vn\/#website"},"primaryImageOfPage":{"@id":"https:\/\/makein.vn\/index.php\/about\/#primaryimage"},"image":{"@id":"https:\/\/makein.vn\/index.php\/about\/#primaryimage"},"thumbnailUrl":"https:\/\/makein.vn\/wp-content\/uploads\/2026\/03\/vinsmart-my.webp","datePublished":"2024-10-29T16:39:02+00:00","dateModified":"2026-03-24T17:22:47+00:00","description":"Chia s\u1ebb ki\u1ebfn th\u1ee9c, tr\u1ea3i nghi\u1ec7m 15 n\u0103m Sales xu\u1ea5t kh\u1ea9u t\u1edbi b\u1ea1n b\u00e8 v\u00e0 \u0111\u1ed3ng nghi\u1ec7p. V\u1edbi mong mu\u1ed1n \u0111\u1ea9y m\u1ea1nh n\u1ec1n S\u1ea3n xu\u1ea5t, Xu\u1ea5t kh\u1ea9u c\u1ee7a Vi\u1ec7t Nam.","breadcrumb":{"@id":"https:\/\/makein.vn\/index.php\/about\/#breadcrumb"},"inLanguage":"en-US","potentialAction":[{"@type":"ReadAction","target":["https:\/\/makein.vn\/index.php\/about\/"]}]},{"@type":"ImageObject","inLanguage":"en-US","@id":"https:\/\/makein.vn\/index.php\/about\/#primaryimage","url":"https:\/\/makein.vn\/wp-content\/uploads\/2026\/03\/vinsmart-my.webp","contentUrl":"https:\/\/makein.vn\/wp-content\/uploads\/2026\/03\/vinsmart-my.webp","width":1536,"height":2048},{"@type":"BreadcrumbList","@id":"https:\/\/makein.vn\/index.php\/about\/#breadcrumb","itemListElement":[{"@type":"ListItem","position":1,"name":"Home","item":"https:\/\/makein.vn\/"},{"@type":"ListItem","position":2,"name":"V\u0169 Kim Tu\u1ea5n v\u00e0 h\u00e0nh tr\u00ecnh ra \u0111\u1eddi c\u1ee7a Makein.vn"}]},{"@type":"WebSite","@id":"https:\/\/makein.vn\/#website","url":"https:\/\/makein.vn\/","name":"V\u0169 Kim Tu\u1ea5n","description":"Kh\u00f4ng g\u00ec l\u00e0 kh\u00f4ng th\u1ec3!","publisher":{"@id":"https:\/\/makein.vn\/#\/schema\/person\/98d19a2d30b28d0b250e961d781633a0"},"potentialAction":[{"@type":"SearchAction","target":{"@type":"EntryPoint","urlTemplate":"https:\/\/makein.vn\/?s={search_term_string}"},"query-input":{"@type":"PropertyValueSpecification","valueRequired":true,"valueName":"search_term_string"}}],"inLanguage":"en-US"},{"@type":["Person","Organization"],"@id":"https:\/\/makein.vn\/#\/schema\/person\/98d19a2d30b28d0b250e961d781633a0","name":"Mr Alex","pronouns":"He\/him","image":{"@type":"ImageObject","inLanguage":"en-US","@id":"https:\/\/makein.vn\/wp-content\/uploads\/2024\/12\/cropped-Logo-Copy.png","url":"https:\/\/makein.vn\/wp-content\/uploads\/2024\/12\/cropped-Logo-Copy.png","contentUrl":"https:\/\/makein.vn\/wp-content\/uploads\/2024\/12\/cropped-Logo-Copy.png","width":150,"height":150,"caption":"Mr Alex"},"logo":{"@id":"https:\/\/makein.vn\/wp-content\/uploads\/2024\/12\/cropped-Logo-Copy.png"},"description":"Chuy\u00ean gia v\u1edbi 15 n\u0103m kinh nghi\u1ec7m trong l\u0129nh v\u1ef1c Sales Xu\u1ea5t Kh\u1ea9u. T\u00f4i \u0111\u1ed3ng h\u00e0nh c\u00f9ng c\u00e1c doanh nghi\u1ec7p Vi\u1ec7t Nam t\u1eeb c\u00e1c d\u1ef1 \u00e1n MS \u0111\u1ebfn OBM, t\u1eeb Indonesia, \u0110\u00f4ng \u00c2u t\u1edbi th\u1ecb tr\u01b0\u1eddng M\u1ef9 hay Argentina xa x\u00f4i.","sameAs":["https:\/\/makein.vn","https:\/\/www.facebook.com\/tuan.vukim","https:\/\/www.linkedin.com\/in\/tuanvukim\/"]}]}},"_links":{"self":[{"href":"https:\/\/makein.vn\/index.php\/wp-json\/wp\/v2\/pages\/8","targetHints":{"allow":["GET"]}}],"collection":[{"href":"https:\/\/makein.vn\/index.php\/wp-json\/wp\/v2\/pages"}],"about":[{"href":"https:\/\/makein.vn\/index.php\/wp-json\/wp\/v2\/types\/page"}],"author":[{"embeddable":true,"href":"https:\/\/makein.vn\/index.php\/wp-json\/wp\/v2\/users\/1"}],"replies":[{"embeddable":true,"href":"https:\/\/makein.vn\/index.php\/wp-json\/wp\/v2\/comments?post=8"}],"version-history":[{"count":13,"href":"https:\/\/makein.vn\/index.php\/wp-json\/wp\/v2\/pages\/8\/revisions"}],"predecessor-version":[{"id":924,"href":"https:\/\/makein.vn\/index.php\/wp-json\/wp\/v2\/pages\/8\/revisions\/924"}],"wp:featuredmedia":[{"embeddable":true,"href":"https:\/\/makein.vn\/index.php\/wp-json\/wp\/v2\/media\/922"}],"wp:attachment":[{"href":"https:\/\/makein.vn\/index.php\/wp-json\/wp\/v2\/media?parent=8"}],"curies":[{"name":"wp","href":"https:\/\/api.w.org\/{rel}","templated":true}]}}